{"id":167,"date":"2019-08-22T09:53:55","date_gmt":"2019-08-22T09:53:55","guid":{"rendered":"https:\/\/vsputzleinsdorf.at\/?page_id=167"},"modified":"2020-04-03T12:53:33","modified_gmt":"2020-04-03T12:53:33","slug":"unser-leitbild","status":"publish","type":"page","link":"https:\/\/vsputzleinsdorf.at\/?page_id=167","title":{"rendered":"Unser Leitbild"},"content":{"rendered":"\n<div class=\"wp-block-columns has-2-columns is-layout-flex wp-container-core-columns-is-layout-9d6595d7 wp-block-columns-is-layout-flex\">\n<div class=\"wp-block-column is-layout-flow wp-block-column-is-layout-flow\">\n<div class=\"wp-block-image\"><figure class=\"aligncenter size-large\"><img decoding=\"async\" width=\"170\" height=\"250\" src=\"https:\/\/vsputzleinsdorf.at\/wp-content\/uploads\/2019\/12\/Direktor-3.jpg\" alt=\"\" class=\"wp-image-1401\"\/><figcaption> Karl Lindorfer<br><br> &#8222;<strong>Wirkliches Lernen f\u00f6rdert die eigenen Kompetenzen und st\u00e4rkt das Zutrauen in sich selbst.<\/strong>&#8220;   <\/figcaption><\/figure><\/div>\n\n\n\n<p><\/p>\n<\/div>\n\n\n\n<div class=\"wp-block-column is-layout-flow wp-block-column-is-layout-flow\">\n<hr class=\"wp-block-separator\"\/>\n\n\n\n<p class=\"has-text-align-left\"> Konsequent vermitteln wir unseren Sch\u00fclerinnen und Sch\u00fclern die Grundkompetenzen Lesen, Schreiben und Rechnen. <\/p>\n\n\n\n<p class=\"has-text-align-left\">Daneben haben Kinder aber unterschiedliche Begabungen und Interessen. Dem tragen wir Rechnung, indem wir auch in den kreativen und musischen F\u00e4chern wechselnde Schwerpunkte setzen. <br> Wir spielen Theater, bieten musikalische Angebote, gestalten unseren Schulraum mit Bildern und Werkst\u00fccken und setzen verst\u00e4rkt auf Bewegung, nicht zuletzt mit der T\u00e4glichen Turnstunde. <\/p>\n\n\n\n<p class=\"has-text-align-left\">Und \u00fcber all dem steht das Unterrichtsprinzip \u201eSoziales Lernen\u201c. Wir m\u00f6chten den Kindern einen wertsch\u00e4tzenden und r\u00fccksichtsvollen Umgang miteinander vermitteln.<\/p>\n\n\n\n<hr class=\"wp-block-separator\"\/>\n<\/div>\n<\/div>\n\n\n\n<p><\/p>\n","protected":false},"excerpt":{"rendered":"<p>Konsequent vermitteln wir unseren Sch\u00fclerinnen und Sch\u00fclern die Grundkompetenzen Lesen, Schreiben und Rechnen. Daneben haben Kinder aber unterschiedliche Begabungen und Interessen. Dem tragen wir Rechnung, indem wir auch in den kreativen und musischen F\u00e4chern wechselnde Schwerpunkte setzen. Wir spielen Theater, bieten musikalische Angebote, gestalten unseren Schulraum mit Bildern und Werkst\u00fccken und setzen verst\u00e4rkt auf Bewegung, nicht zuletzt mit der T\u00e4glichen<\/p>\n<p><a class=\"more-link\" href=\"https:\/\/vsputzleinsdorf.at\/?page_id=167\">Weiterlesen<\/a><\/p>\n","protected":false},"author":1,"featured_media":0,"parent":57,"menu_order":0,"comment_status":"closed","ping_status":"closed","template":"","meta":{"_uag_custom_page_level_css":"","footnotes":""},"class_list":["post-167","page","type-page","status-publish","hentry"],"uagb_featured_image_src":{"full":false,"thumbnail":false,"medium":false,"medium_large":false,"large":false,"1536x1536":false,"2048x2048":false,"post-thumbnail":false,"agama-blog-large":false,"agama-blog-medium":false,"agama-blog-small":false,"agama-related-img":false,"agama-recent-posts":false},"uagb_author_info":{"display_name":"admin","author_link":"https:\/\/vsputzleinsdorf.at\/?author=1"},"uagb_comment_info":0,"uagb_excerpt":"Konsequent vermitteln wir unseren Sch\u00fclerinnen und Sch\u00fclern die Grundkompetenzen Lesen, Schreiben und Rechnen. Daneben haben Kinder aber unterschiedliche Begabungen und Interessen. Dem tragen wir Rechnung, indem wir auch in den kreativen und musischen F\u00e4chern wechselnde Schwerpunkte setzen. Wir spielen Theater, bieten musikalische Angebote, gestalten unseren Schulraum mit Bildern und Werkst\u00fccken und setzen verst\u00e4rkt auf Bewegung,&hellip;","_links":{"self":[{"href":"https:\/\/vsputzleinsdorf.at\/index.php?rest_route=\/wp\/v2\/pages\/167","targetHints":{"allow":["GET"]}}],"collection":[{"href":"https:\/\/vsputzleinsdorf.at\/index.php?rest_route=\/wp\/v2\/pages"}],"about":[{"href":"https:\/\/vsputzleinsdorf.at\/index.php?rest_route=\/wp\/v2\/types\/page"}],"author":[{"embeddable":true,"href":"https:\/\/vsputzleinsdorf.at\/index.php?rest_route=\/wp\/v2\/users\/1"}],"replies":[{"embeddable":true,"href":"https:\/\/vsputzleinsdorf.at\/index.php?rest_route=%2Fwp%2Fv2%2Fcomments&post=167"}],"version-history":[{"count":16,"href":"https:\/\/vsputzleinsdorf.at\/index.php?rest_route=\/wp\/v2\/pages\/167\/revisions"}],"predecessor-version":[{"id":1631,"href":"https:\/\/vsputzleinsdorf.at\/index.php?rest_route=\/wp\/v2\/pages\/167\/revisions\/1631"}],"up":[{"embeddable":true,"href":"https:\/\/vsputzleinsdorf.at\/index.php?rest_route=\/wp\/v2\/pages\/57"}],"wp:attachment":[{"href":"https:\/\/vsputzleinsdorf.at\/index.php?rest_route=%2Fwp%2Fv2%2Fmedia&parent=167"}],"curies":[{"name":"wp","href":"https:\/\/api.w.org\/{rel}","templated":true}]}}