{"id":55,"date":"2019-07-18T09:46:28","date_gmt":"2019-07-18T09:46:28","guid":{"rendered":"https:\/\/vsputzleinsdorf.at\/?page_id=55"},"modified":"2026-04-27T14:08:18","modified_gmt":"2026-04-27T14:08:18","slug":"home","status":"publish","type":"page","link":"https:\/\/vsputzleinsdorf.at\/","title":{"rendered":"Home"},"content":{"rendered":"\n<p class=\"has-text-align-center has-text-color has-link-color has-medium-font-size wp-elements-304561ed97f44231a72e057a7d313c8b\" style=\"color:#0c74b0\">Der <strong>Lesemarathon war ein voller Erfolg!<\/strong><br>52 Kinder haben in 12 Wochen insgesamt 1.520 B\u00fccher mit 128.120 Seiten gelesen.<br>Herzlichen Gl\u00fcckwunsch!<\/p>\n\n\n\n<figure class=\"wp-block-image size-full\"><img fetchpriority=\"high\" decoding=\"async\" width=\"2560\" height=\"1920\" src=\"https:\/\/vsputzleinsdorf.at\/wp-content\/uploads\/2026\/04\/2026_04_27_lesemarathon_4.kl_-scaled.jpeg\" alt=\"\" class=\"wp-image-3615\" srcset=\"https:\/\/vsputzleinsdorf.at\/wp-content\/uploads\/2026\/04\/2026_04_27_lesemarathon_4.kl_-scaled.jpeg 2560w, https:\/\/vsputzleinsdorf.at\/wp-content\/uploads\/2026\/04\/2026_04_27_lesemarathon_4.kl_-300x225.jpeg 300w, https:\/\/vsputzleinsdorf.at\/wp-content\/uploads\/2026\/04\/2026_04_27_lesemarathon_4.kl_-1024x768.jpeg 1024w, https:\/\/vsputzleinsdorf.at\/wp-content\/uploads\/2026\/04\/2026_04_27_lesemarathon_4.kl_-768x576.jpeg 768w, https:\/\/vsputzleinsdorf.at\/wp-content\/uploads\/2026\/04\/2026_04_27_lesemarathon_4.kl_-1536x1152.jpeg 1536w, https:\/\/vsputzleinsdorf.at\/wp-content\/uploads\/2026\/04\/2026_04_27_lesemarathon_4.kl_-2048x1536.jpeg 2048w, https:\/\/vsputzleinsdorf.at\/wp-content\/uploads\/2026\/04\/2026_04_27_lesemarathon_4.kl_-800x600.jpeg 800w, https:\/\/vsputzleinsdorf.at\/wp-content\/uploads\/2026\/04\/2026_04_27_lesemarathon_4.kl_-400x300.jpeg 400w\" sizes=\"(max-width: 2560px) 100vw, 2560px\" \/><\/figure>\n\n\n<div class=\"wp-block-image\">\n<figure class=\"aligncenter size-large is-resized\"><img decoding=\"async\" width=\"945\" height=\"945\" src=\"https:\/\/vsputzleinsdorf.at\/wp-content\/uploads\/2020\/09\/logo_klein_farbe.jpg\" alt=\"\" class=\"wp-image-1774\" style=\"width:161px;height:auto\" srcset=\"https:\/\/vsputzleinsdorf.at\/wp-content\/uploads\/2020\/09\/logo_klein_farbe.jpg 945w, https:\/\/vsputzleinsdorf.at\/wp-content\/uploads\/2020\/09\/logo_klein_farbe-300x300.jpg 300w, https:\/\/vsputzleinsdorf.at\/wp-content\/uploads\/2020\/09\/logo_klein_farbe-150x150.jpg 150w, https:\/\/vsputzleinsdorf.at\/wp-content\/uploads\/2020\/09\/logo_klein_farbe-768x768.jpg 768w, https:\/\/vsputzleinsdorf.at\/wp-content\/uploads\/2020\/09\/logo_klein_farbe-800x800.jpg 800w\" sizes=\"(max-width: 945px) 100vw, 945px\" \/><\/figure>\n<\/div>\n\n\n<div class=\"wp-block-columns has-2-columns is-layout-flex wp-container-core-columns-is-layout-9d6595d7 wp-block-columns-is-layout-flex\">\n<div class=\"wp-block-column is-layout-flow wp-block-column-is-layout-flow\">\n<blockquote class=\"wp-block-quote is-style-default\">\n    <p><a href=\"https:\/\/vsputzleinsdorf.at\/?page_id=167\"> <\/a><strong><a href=\"https:\/\/vsputzleinsdorf.at\/?page_id=167\">Wirkliches Lernen f\u00f6rdert die eigenen Kompetenzen und st\u00e4rkt das Zutrauen in sich selbst.<\/a><\/strong><a href=\"https:\/\/vsputzleinsdorf.at\/?page_id=167\">&nbsp;<\/a><\/p>\n    <p>&#8211; <em>(Karl Lindorfer)\n            <img decoding=\"async\" class=\"wp-image-78\" alt=\"\" src=\"https:\/\/vsputzleinsdorf.at\/wp-content\/uploads\/2019\/12\/Direktor-3.jpg\"><\/em> <\/p>\n<\/blockquote>\n\n\n\n<p><\/p>\n<\/div>\n\n\n\n<div class=\"wp-block-column is-layout-flow wp-block-column-is-layout-flow\">\n<p class=\"has-very-dark-gray-color has-text-color has-background\" style=\"background-color:#4ab479\"><a href=\"http:\/\/www.biblioweb.at\/vsputzleinsdorf\" target=\"_blank\" rel=\"noreferrer noopener\" aria-label=\"Schulb\u00fccherei (\u00f6ffnet in neuem Tab)\">Schulb\u00fccherei<\/a><\/p>\n\n\n\n<p class=\"has-very-dark-gray-color has-text-color has-background\" style=\"background-color:#9175b3\"><a href=\"https:\/\/antolin.westermann.de\/\" target=\"_blank\" rel=\"noreferrer noopener\">Antolin<\/a><\/p>\n\n\n\n<p class=\"has-very-dark-gray-color has-text-color has-background\" style=\"background-color:#eb5b4b\"><a href=\"http:\/\/www.easyeva.de\/blitzlesen\/index.php\" target=\"_blank\" rel=\"noreferrer noopener\">\u00dcbe dich im Blitzlesen!<\/a><\/p>\n\n\n\n<p class=\"has-very-dark-gray-color has-text-color has-background\" style=\"background-color:#4f83c0\"><a href=\"http:\/\/homepage.univie.ac.at\/richard.rode\/rechenecke\/einmaleins.htm\" target=\"_blank\" rel=\"noreferrer noopener\">Einmaleins-Trainer<\/a><\/p>\n\n\n\n<p class=\"has-very-dark-gray-color has-text-color has-background\" style=\"background-color:#f07e09\"><a href=\"https:\/\/www.xn--radfahrprfung-4ob.at\/\" target=\"_blank\" rel=\"noreferrer noopener\">Fit f\u00fcr die Radfahrpr\u00fcfung<\/a><\/p>\n\n\n\n<p class=\"has-very-dark-gray-color has-text-color has-background\" style=\"background-color:#9175b3\"><a href=\"https:\/\/learningapps.org\/watch?v=poimyvaz219\">Ober\u00f6sterreich im \u00dcberblick<\/a><\/p>\n\n\n\n<p class=\"has-very-dark-gray-color has-text-color has-background\" style=\"background-color:#f07e09\"><a href=\"https:\/\/learningapps.org\/watch?v=pv153z5kc19\">Bundesl\u00e4nder \u00d6sterreichs<\/a><\/p>\n\n\n\n<p class=\"has-very-dark-gray-color has-text-color has-background\" style=\"background-color:#4f83c0\"><a href=\"https:\/\/learningapps.org\/view440604\">Bundesl\u00e4nder + Hauptst\u00e4dte<\/a><\/p>\n\n\n\n<p class=\"has-very-dark-gray-color has-text-color has-background\" style=\"background-color:#eb5b4b\"><a href=\"https:\/\/learningapps.org\/view122057\">Wahrzeichen der Landeshauptst\u00e4dte<\/a><\/p>\n<\/div>\n<\/div>\n\n\n\n<p><\/p>\n\n\n\n<p><\/p>\n\n\n\n<p><\/p>\n","protected":false},"excerpt":{"rendered":"<p>Der Lesemarathon war ein voller Erfolg!52 Kinder haben in 12 Wochen insgesamt 1.520 B\u00fccher mit 128.120 Seiten gelesen.Herzlichen Gl\u00fcckwunsch! Wirkliches Lernen f\u00f6rdert die eigenen Kompetenzen und st\u00e4rkt das Zutrauen in sich selbst.&nbsp; &#8211; (Karl Lindorfer) Schulb\u00fccherei Antolin \u00dcbe dich im Blitzlesen! Einmaleins-Trainer Fit f\u00fcr die Radfahrpr\u00fcfung Ober\u00f6sterreich im \u00dcberblick Bundesl\u00e4nder \u00d6sterreichs Bundesl\u00e4nder + Hauptst\u00e4dte Wahrzeichen der Landeshauptst\u00e4dte<\/p>\n","protected":false},"author":1,"featured_media":0,"parent":0,"menu_order":0,"comment_status":"closed","ping_status":"closed","template":"","meta":{"_uag_custom_page_level_css":"","footnotes":""},"class_list":["post-55","page","type-page","status-publish","hentry"],"uagb_featured_image_src":{"full":false,"thumbnail":false,"medium":false,"medium_large":false,"large":false,"1536x1536":false,"2048x2048":false,"post-thumbnail":false,"agama-blog-large":false,"agama-blog-medium":false,"agama-blog-small":false,"agama-related-img":false,"agama-recent-posts":false},"uagb_author_info":{"display_name":"admin","author_link":"https:\/\/vsputzleinsdorf.at\/?author=1"},"uagb_comment_info":0,"uagb_excerpt":"Der Lesemarathon war ein voller Erfolg!52 Kinder haben in 12 Wochen insgesamt 1.520 B\u00fccher mit 128.120 Seiten gelesen.Herzlichen Gl\u00fcckwunsch! Wirkliches Lernen f\u00f6rdert die eigenen Kompetenzen und st\u00e4rkt das Zutrauen in sich selbst.&nbsp; &#8211; (Karl Lindorfer) Schulb\u00fccherei Antolin \u00dcbe dich im Blitzlesen! Einmaleins-Trainer Fit f\u00fcr die Radfahrpr\u00fcfung Ober\u00f6sterreich im \u00dcberblick Bundesl\u00e4nder \u00d6sterreichs Bundesl\u00e4nder + Hauptst\u00e4dte Wahrzeichen&hellip;","_links":{"self":[{"href":"https:\/\/vsputzleinsdorf.at\/index.php?rest_route=\/wp\/v2\/pages\/55","targetHints":{"allow":["GET"]}}],"collection":[{"href":"https:\/\/vsputzleinsdorf.at\/index.php?rest_route=\/wp\/v2\/pages"}],"about":[{"href":"https:\/\/vsputzleinsdorf.at\/index.php?rest_route=\/wp\/v2\/types\/page"}],"author":[{"embeddable":true,"href":"https:\/\/vsputzleinsdorf.at\/index.php?rest_route=\/wp\/v2\/users\/1"}],"replies":[{"embeddable":true,"href":"https:\/\/vsputzleinsdorf.at\/index.php?rest_route=%2Fwp%2Fv2%2Fcomments&post=55"}],"version-history":[{"count":395,"href":"https:\/\/vsputzleinsdorf.at\/index.php?rest_route=\/wp\/v2\/pages\/55\/revisions"}],"predecessor-version":[{"id":3616,"href":"https:\/\/vsputzleinsdorf.at\/index.php?rest_route=\/wp\/v2\/pages\/55\/revisions\/3616"}],"wp:attachment":[{"href":"https:\/\/vsputzleinsdorf.at\/index.php?rest_route=%2Fwp%2Fv2%2Fmedia&parent=55"}],"curies":[{"name":"wp","href":"https:\/\/api.w.org\/{rel}","templated":true}]}}