{"id":57,"date":"2019-07-18T09:46:38","date_gmt":"2019-07-18T09:46:38","guid":{"rendered":"https:\/\/vsputzleinsdorf.at\/?page_id=57"},"modified":"2023-02-21T07:25:42","modified_gmt":"2023-02-21T07:25:42","slug":"ueber-uns","status":"publish","type":"page","link":"https:\/\/vsputzleinsdorf.at\/?page_id=57","title":{"rendered":"\u00dcber uns"},"content":{"rendered":"\n<figure class=\"wp-block-video aligncenter\"><video height=\"538\" style=\"aspect-ratio: 960 \/ 538;\" width=\"960\" controls preload=\"auto\" src=\"https:\/\/vsputzleinsdorf.at\/wp-content\/uploads\/2020\/04\/video_website_fertig.mp4\" playsinline><\/video><figcaption class=\"wp-element-caption\">Video: Magdalena Past<br>Audio: No more jokes &#8211; GEMAfreie Musik von https:\/\/audiohub.de<br> Lizenz: CC BY (https:\/\/creativecommons.org\/licenses\/by\/4.0\/)  <\/figcaption><\/figure>\n\n\n\n<p>Die Hanriederschule Putzleinsdorf ist nach dem Priester und Mundartdichter Norbert Hanrieder (1842 bis 1913) benannt. Hanrieder ist nach Franz Stelzhamer der bedeutendste o\u00f6. Mundartdichter. Er war nicht nicht ein r\u00fchriger Seelsorger, sondern auch Motor in wirtschaftlichen und gesellschaftlichen Belangen. <\/p>\n\n\n\n<p>Derzeit f\u00fchrt die Schule vier Klassen mit 61 Kindern.<\/p>\n\n\n\n<p>Im Schulprogramm hat sich in den letzten Jahrzehnten ein Schwerpunkt  &#8222;Musische Bildung&#8220; herauskristallisiert. Im Jahr 2017 konnten wir das Zertifikat &#8222;Bewegte Schule&#8220; entgegennehmen. Seit dem Schuljahr 2017\/18 nehmen wir am Programm &#8222;T\u00e4gliche Bewegungs- und Sportstunde&#8220; teil. Im Rahmen einer Wochenstunde leitet ein Bewegungscoach die Kinder zu gesunder Bewegung an. Ebenfalls in den letzten beiden Jahren besch\u00e4ftigen wir uns ausgiebig mit neuen Medien und versuchen den Kindern auch e-learning n\u00e4her zu bringen.<\/p>\n\n\n\n<p><strong>Unterrichtsbeginn:<\/strong> 8:00 Uhr<br>Die Schule ist ab 7:00 Uhr f\u00fcr jene Sch\u00fcler ge\u00f6ffnet, deren Eltern berufst\u00e4tig sind und bereits so fr\u00fch au\u00dfer Haus m\u00fcssen.<br>Ab diesem Zeitpunkt ist auch eine Aufsicht eingerichtet.<br>Grunds\u00e4tzlich sollten die Kinder, die zu Fu\u00df gehen und zu Hause betreut werden k\u00f6nnen, erst ab 7:30 Uhr kommen. Dadurch wird \u00fcberm\u00e4\u00dfige Unruhe in der Fr\u00fch vermieden.<\/p>\n\n\n\n<p><strong>Pausen:<\/strong> Gro\u00dfe Pause ist von 9:50 bis 10:05 Uhr.<br>Am Dienstag ist eine Mittagspause von 11:50 bis 12:30 Uhr angesetzt, in der ebenfalls eine Aufsicht eingerichtet ist.<\/p>\n\n\n\n<p>Die genauen Zeiten entnehmen Sie bitte dem&nbsp;Stundenplan im Bereich Service.<\/p>\n","protected":false},"excerpt":{"rendered":"<p>Die Hanriederschule Putzleinsdorf ist nach dem Priester und Mundartdichter Norbert Hanrieder (1842 bis 1913) benannt. Hanrieder ist nach Franz Stelzhamer der bedeutendste o\u00f6. Mundartdichter. Er war nicht nicht ein r\u00fchriger Seelsorger, sondern auch Motor in wirtschaftlichen und gesellschaftlichen Belangen. Derzeit f\u00fchrt die Schule vier Klassen mit 61 Kindern. Im Schulprogramm hat sich in den letzten Jahrzehnten ein Schwerpunkt &#8222;Musische Bildung&#8220;<\/p>\n<p><a class=\"more-link\" href=\"https:\/\/vsputzleinsdorf.at\/?page_id=57\">Weiterlesen<\/a><\/p>\n","protected":false},"author":1,"featured_media":0,"parent":0,"menu_order":0,"comment_status":"closed","ping_status":"closed","template":"","meta":{"_uag_custom_page_level_css":"","footnotes":""},"class_list":["post-57","page","type-page","status-publish","hentry"],"uagb_featured_image_src":{"full":false,"thumbnail":false,"medium":false,"medium_large":false,"large":false,"1536x1536":false,"2048x2048":false,"post-thumbnail":false,"agama-blog-large":false,"agama-blog-medium":false,"agama-blog-small":false,"agama-related-img":false,"agama-recent-posts":false},"uagb_author_info":{"display_name":"admin","author_link":"https:\/\/vsputzleinsdorf.at\/?author=1"},"uagb_comment_info":0,"uagb_excerpt":"Die Hanriederschule Putzleinsdorf ist nach dem Priester und Mundartdichter Norbert Hanrieder (1842 bis 1913) benannt. Hanrieder ist nach Franz Stelzhamer der bedeutendste o\u00f6. Mundartdichter. Er war nicht nicht ein r\u00fchriger Seelsorger, sondern auch Motor in wirtschaftlichen und gesellschaftlichen Belangen. Derzeit f\u00fchrt die Schule vier Klassen mit 61 Kindern. Im Schulprogramm hat sich in den letzten&hellip;","_links":{"self":[{"href":"https:\/\/vsputzleinsdorf.at\/index.php?rest_route=\/wp\/v2\/pages\/57","targetHints":{"allow":["GET"]}}],"collection":[{"href":"https:\/\/vsputzleinsdorf.at\/index.php?rest_route=\/wp\/v2\/pages"}],"about":[{"href":"https:\/\/vsputzleinsdorf.at\/index.php?rest_route=\/wp\/v2\/types\/page"}],"author":[{"embeddable":true,"href":"https:\/\/vsputzleinsdorf.at\/index.php?rest_route=\/wp\/v2\/users\/1"}],"replies":[{"embeddable":true,"href":"https:\/\/vsputzleinsdorf.at\/index.php?rest_route=%2Fwp%2Fv2%2Fcomments&post=57"}],"version-history":[{"count":45,"href":"https:\/\/vsputzleinsdorf.at\/index.php?rest_route=\/wp\/v2\/pages\/57\/revisions"}],"predecessor-version":[{"id":2614,"href":"https:\/\/vsputzleinsdorf.at\/index.php?rest_route=\/wp\/v2\/pages\/57\/revisions\/2614"}],"wp:attachment":[{"href":"https:\/\/vsputzleinsdorf.at\/index.php?rest_route=%2Fwp%2Fv2%2Fmedia&parent=57"}],"curies":[{"name":"wp","href":"https:\/\/api.w.org\/{rel}","templated":true}]}}