{"id":59,"date":"2019-07-18T09:46:49","date_gmt":"2019-07-18T09:46:49","guid":{"rendered":"https:\/\/vsputzleinsdorf.at\/?page_id=59"},"modified":"2026-03-12T14:20:10","modified_gmt":"2026-03-12T14:20:10","slug":"nachmittag","status":"publish","type":"page","link":"https:\/\/vsputzleinsdorf.at\/?page_id=59","title":{"rendered":"Nachmittag"},"content":{"rendered":"\n<div class=\"wp-block-columns has-2-columns is-layout-flex wp-container-core-columns-is-layout-9d6595d7 wp-block-columns-is-layout-flex\">\n<div class=\"wp-block-column is-layout-flow wp-block-column-is-layout-flow\"><div class=\"wp-block-image\">\n<figure class=\"aligncenter size-medium is-resized\"><img fetchpriority=\"high\" decoding=\"async\" width=\"215\" height=\"300\" src=\"https:\/\/vsputzleinsdorf.at\/wp-content\/uploads\/2021\/01\/Berta-Weishaeupl-215x300.jpg\" alt=\"\" class=\"wp-image-1910\" style=\"aspect-ratio:0.7166765197366536;width:158px;height:auto\" srcset=\"https:\/\/vsputzleinsdorf.at\/wp-content\/uploads\/2021\/01\/Berta-Weishaeupl-215x300.jpg 215w, https:\/\/vsputzleinsdorf.at\/wp-content\/uploads\/2021\/01\/Berta-Weishaeupl-733x1024.jpg 733w, https:\/\/vsputzleinsdorf.at\/wp-content\/uploads\/2021\/01\/Berta-Weishaeupl-768x1073.jpg 768w, https:\/\/vsputzleinsdorf.at\/wp-content\/uploads\/2021\/01\/Berta-Weishaeupl-800x1118.jpg 800w, https:\/\/vsputzleinsdorf.at\/wp-content\/uploads\/2021\/01\/Berta-Weishaeupl.jpg 997w\" sizes=\"(max-width: 215px) 100vw, 215px\" \/><figcaption class=\"wp-element-caption\">Berta WEISH\u00c4UPL<\/figcaption><\/figure>\n<\/div>\n\n<div class=\"wp-block-image\">\n<figure class=\"aligncenter size-full is-resized\"><img decoding=\"async\" src=\"https:\/\/vsputzleinsdorf.at\/wp-content\/uploads\/2025\/11\/Leonie-Hoerschlaeger-scaled.jpeg\" alt=\"\" class=\"wp-image-3493\" style=\"aspect-ratio:0.7297297297297297;width:163px;height:auto\"\/><figcaption class=\"wp-element-caption\">Leonie H\u00d6RSCHL\u00c4GER<\/figcaption><\/figure>\n<\/div>\n\n<div class=\"wp-block-image\">\n<figure class=\"aligncenter size-full is-resized\"><img decoding=\"async\" src=\"https:\/\/vsputzleinsdorf.at\/wp-content\/uploads\/2026\/01\/2026_Daniela-Meisinger.jpg\" alt=\"\" class=\"wp-image-3553\" style=\"aspect-ratio:0.7297297297297297;width:160px;height:auto\"\/><figcaption class=\"wp-element-caption\">Daniela MEISINGER<\/figcaption><\/figure>\n<\/div><\/div>\n\n\n\n<div class=\"wp-block-column is-layout-flow wp-block-column-is-layout-flow\">\n<hr class=\"wp-block-separator has-css-opacity is-style-default\"\/>\n\n\n\n<p class=\"has-text-align-left\" style=\"font-size:18px\">Von Montag bis Donnerstag bieten wir eine Nachmittagsbetreuung bis 16:30 Uhr an. Die Kinder bekommen ein Mittagessen, erledigen unter Betreuung einer Lehrkraft ihre Haus\u00fcbungen und verbringen dann mit einer P\u00e4dagogin des O\u00f6. Hilfswerkes gemeinsam ihre Freizeit. Kreativit\u00e4t und Bewegung stehen dabei im Vordergrund. <\/p>\n\n\n\n<p class=\"has-text-align-left\">Telefonnummer: 0664\/807652923<\/p>\n\n\n\n<hr class=\"wp-block-separator has-css-opacity is-style-default\"\/>\n\n\n\n<p class=\"has-text-align-left has-black-color has-text-color has-link-color wp-elements-ae2d8fbf3f1cc6e68a4a828cc12e1179\" style=\"font-size:18px\"><strong>Betreuung <\/strong>an schulfreien Tagen:<br>In n\u00e4chster Zeit wird der Bedarf f\u00fcr die Betreuung an schulfreien Tagen erhoben. Alle Kinder, die in der GTS angemeldet sind, bekommen ein Abfrageformular zugesandt, alle anderen bitten wir, sich selbst zu melden.<\/p>\n\n\n\n<p>Betreuungstage in den Osterferien:<br>Dienstag, 31.03. 7:00 &#8211; 16:30<br>Mittwoch, 01.04. 7:00 &#8211; 16:30<\/p>\n<\/div>\n<\/div>\n\n\n<div class=\"wp-block-image\">\n<figure class=\"aligncenter size-full\"><img decoding=\"async\" width=\"1365\" height=\"768\" src=\"https:\/\/vsputzleinsdorf.at\/wp-content\/uploads\/2026\/01\/K1024_2026_01__gts_winter-4.jpg\" alt=\"\" class=\"wp-image-3542\" srcset=\"https:\/\/vsputzleinsdorf.at\/wp-content\/uploads\/2026\/01\/K1024_2026_01__gts_winter-4.jpg 1365w, https:\/\/vsputzleinsdorf.at\/wp-content\/uploads\/2026\/01\/K1024_2026_01__gts_winter-4-300x169.jpg 300w, https:\/\/vsputzleinsdorf.at\/wp-content\/uploads\/2026\/01\/K1024_2026_01__gts_winter-4-1024x576.jpg 1024w, https:\/\/vsputzleinsdorf.at\/wp-content\/uploads\/2026\/01\/K1024_2026_01__gts_winter-4-768x432.jpg 768w, https:\/\/vsputzleinsdorf.at\/wp-content\/uploads\/2026\/01\/K1024_2026_01__gts_winter-4-800x450.jpg 800w\" sizes=\"(max-width: 1365px) 100vw, 1365px\" \/><figcaption class=\"wp-element-caption\">Viel Spa\u00df am Nachmittag<\/figcaption><\/figure>\n<\/div>\n\n<div class=\"sgdg-gallery-container\" data-sgdg-hash=\"420fd4884627aa7195327274943ca410575e3a5ad48c9e1c41f54d18c39a285c\"><div class=\"sgdg-loading\"><div><\/div><\/div><\/div>\n\n\n<p><\/p>\n","protected":false},"excerpt":{"rendered":"<p>Von Montag bis Donnerstag bieten wir eine Nachmittagsbetreuung bis 16:30 Uhr an. Die Kinder bekommen ein Mittagessen, erledigen unter Betreuung einer Lehrkraft ihre Haus\u00fcbungen und verbringen dann mit einer P\u00e4dagogin des O\u00f6. Hilfswerkes gemeinsam ihre Freizeit. Kreativit\u00e4t und Bewegung stehen dabei im Vordergrund. Telefonnummer: 0664\/807652923 Betreuung an schulfreien Tagen:In n\u00e4chster Zeit wird der Bedarf f\u00fcr die Betreuung an schulfreien Tagen<\/p>\n<p><a class=\"more-link\" href=\"https:\/\/vsputzleinsdorf.at\/?page_id=59\">Weiterlesen<\/a><\/p>\n","protected":false},"author":1,"featured_media":0,"parent":0,"menu_order":0,"comment_status":"closed","ping_status":"closed","template":"","meta":{"_uag_custom_page_level_css":"","footnotes":""},"class_list":["post-59","page","type-page","status-publish","hentry"],"uagb_featured_image_src":{"full":false,"thumbnail":false,"medium":false,"medium_large":false,"large":false,"1536x1536":false,"2048x2048":false,"post-thumbnail":false,"agama-blog-large":false,"agama-blog-medium":false,"agama-blog-small":false,"agama-related-img":false,"agama-recent-posts":false},"uagb_author_info":{"display_name":"admin","author_link":"https:\/\/vsputzleinsdorf.at\/?author=1"},"uagb_comment_info":0,"uagb_excerpt":"Von Montag bis Donnerstag bieten wir eine Nachmittagsbetreuung bis 16:30 Uhr an. Die Kinder bekommen ein Mittagessen, erledigen unter Betreuung einer Lehrkraft ihre Haus\u00fcbungen und verbringen dann mit einer P\u00e4dagogin des O\u00f6. Hilfswerkes gemeinsam ihre Freizeit. Kreativit\u00e4t und Bewegung stehen dabei im Vordergrund. Telefonnummer: 0664\/807652923 Betreuung an schulfreien Tagen:In n\u00e4chster Zeit wird der Bedarf f\u00fcr&hellip;","_links":{"self":[{"href":"https:\/\/vsputzleinsdorf.at\/index.php?rest_route=\/wp\/v2\/pages\/59","targetHints":{"allow":["GET"]}}],"collection":[{"href":"https:\/\/vsputzleinsdorf.at\/index.php?rest_route=\/wp\/v2\/pages"}],"about":[{"href":"https:\/\/vsputzleinsdorf.at\/index.php?rest_route=\/wp\/v2\/types\/page"}],"author":[{"embeddable":true,"href":"https:\/\/vsputzleinsdorf.at\/index.php?rest_route=\/wp\/v2\/users\/1"}],"replies":[{"embeddable":true,"href":"https:\/\/vsputzleinsdorf.at\/index.php?rest_route=%2Fwp%2Fv2%2Fcomments&post=59"}],"version-history":[{"count":72,"href":"https:\/\/vsputzleinsdorf.at\/index.php?rest_route=\/wp\/v2\/pages\/59\/revisions"}],"predecessor-version":[{"id":3584,"href":"https:\/\/vsputzleinsdorf.at\/index.php?rest_route=\/wp\/v2\/pages\/59\/revisions\/3584"}],"wp:attachment":[{"href":"https:\/\/vsputzleinsdorf.at\/index.php?rest_route=%2Fwp%2Fv2%2Fmedia&parent=59"}],"curies":[{"name":"wp","href":"https:\/\/api.w.org\/{rel}","templated":true}]}}